{"id":2551,"date":"2018-07-23T09:47:46","date_gmt":"2018-07-23T09:47:46","guid":{"rendered":"https:\/\/zdvo.org\/?page_id=2551"},"modified":"2018-12-18T16:36:12","modified_gmt":"2018-12-18T16:36:12","slug":"donacion-en-linea","status":"publish","type":"page","link":"https:\/\/zdvo.org\/es\/donacion-en-linea\/","title":{"rendered":"DONACI\u00d3N EN L\u00cdNEA"},"content":{"rendered":"<h4>Apoye a nuestros soldados heridos.<\/h4>\n<p>La Organizaci\u00f3n de los Soldados Heridos de Tzahal &#8211; Beit Halojem es la \u00fanica entidad dedicada a la rehabilitaci\u00f3n de los 51,000 soldados heridos de Tzahal.<\/p>\n<p><strong>DONE CON \u00a0TARJETA DE CR\u00c9DITO:<\/strong><\/p>\n","protected":false},"excerpt":{"rendered":"<p>Apoye a nuestros soldados heridos. La Organizaci\u00f3n de los Soldados Heridos de Tzahal &#8211; Beit Halojem es la \u00fanica entidad dedicada a la rehabilitaci\u00f3n de los 51,000 soldados heridos de [&hellip;]<\/p>\n","protected":false},"author":13,"featured_media":0,"parent":0,"menu_order":0,"comment_status":"closed","ping_status":"closed","template":"page-donate.php","meta":{"_acf_changed":false,"inline_featured_image":false,"footnotes":""},"class_list":["post-2551","page","type-page","status-publish","hentry"],"acf":[],"yoast_head":"<!-- This site is optimized with the Yoast SEO plugin v27.4 - https:\/\/yoast.com\/product\/yoast-seo-wordpress\/ -->\n<title>DONACI\u00d3N EN L\u00cdNEA - zdvo.org<\/title>\n<meta name=\"robots\" content=\"index, follow, max-snippet:-1, max-image-preview:large, max-video-preview:-1\" \/>\n<link rel=\"canonical\" href=\"https:\/\/zdvo.org\/es\/donacion-en-linea\/\" \/>\n<meta property=\"og:locale\" content=\"es_ES\" \/>\n<meta property=\"og:type\" content=\"article\" \/>\n<meta property=\"og:title\" content=\"DONACI\u00d3N EN L\u00cdNEA - zdvo.org\" \/>\n<meta property=\"og:description\" content=\"Apoye a nuestros soldados heridos. La Organizaci\u00f3n de los Soldados Heridos de Tzahal &#8211; Beit Halojem es la \u00fanica entidad dedicada a la rehabilitaci\u00f3n de los 51,000 soldados heridos de [&hellip;]\" \/>\n<meta property=\"og:url\" content=\"https:\/\/zdvo.org\/es\/donacion-en-linea\/\" \/>\n<meta property=\"og:site_name\" content=\"zdvo.org\" \/>\n<meta property=\"article:publisher\" content=\"https:\/\/www.facebook.com\/zdvo.halochem\/\" \/>\n<meta property=\"article:modified_time\" content=\"2018-12-18T16:36:12+00:00\" \/>\n<meta name=\"twitter:card\" content=\"summary_large_image\" \/>\n<script type=\"application\/ld+json\" class=\"yoast-schema-graph\">{\"@context\":\"https:\\\/\\\/schema.org\",\"@graph\":[{\"@type\":\"WebPage\",\"@id\":\"https:\\\/\\\/zdvo.org\\\/es\\\/donacion-en-linea\\\/\",\"url\":\"https:\\\/\\\/zdvo.org\\\/es\\\/donacion-en-linea\\\/\",\"name\":\"DONACI\u00d3N EN L\u00cdNEA - zdvo.org\",\"isPartOf\":{\"@id\":\"https:\\\/\\\/zdvo.org\\\/de\\\/#website\"},\"datePublished\":\"2018-07-23T09:47:46+00:00\",\"dateModified\":\"2018-12-18T16:36:12+00:00\",\"breadcrumb\":{\"@id\":\"https:\\\/\\\/zdvo.org\\\/es\\\/donacion-en-linea\\\/#breadcrumb\"},\"inLanguage\":\"es\",\"potentialAction\":[{\"@type\":\"ReadAction\",\"target\":[\"https:\\\/\\\/zdvo.org\\\/es\\\/donacion-en-linea\\\/\"]}]},{\"@type\":\"BreadcrumbList\",\"@id\":\"https:\\\/\\\/zdvo.org\\\/es\\\/donacion-en-linea\\\/#breadcrumb\",\"itemListElement\":[{\"@type\":\"ListItem\",\"position\":1,\"name\":\"Home\",\"item\":\"https:\\\/\\\/zdvo.org\\\/es\\\/\"},{\"@type\":\"ListItem\",\"position\":2,\"name\":\"DONACI\u00d3N EN L\u00cdNEA\"}]},{\"@type\":\"WebSite\",\"@id\":\"https:\\\/\\\/zdvo.org\\\/de\\\/#website\",\"url\":\"https:\\\/\\\/zdvo.org\\\/de\\\/\",\"name\":\"zdvo.org\",\"description\":\"The Zahal Disabled Veterans Organization (ZDVO) is a registered non-profit organization with the purpose of providing disabled veterans all their needs towards their rehabilitation.\",\"publisher\":{\"@id\":\"https:\\\/\\\/zdvo.org\\\/de\\\/#organization\"},\"potentialAction\":[{\"@type\":\"SearchAction\",\"target\":{\"@type\":\"EntryPoint\",\"urlTemplate\":\"https:\\\/\\\/zdvo.org\\\/de\\\/?s={search_term_string}\"},\"query-input\":{\"@type\":\"PropertyValueSpecification\",\"valueRequired\":true,\"valueName\":\"search_term_string\"}}],\"inLanguage\":\"es\"},{\"@type\":\"Organization\",\"@id\":\"https:\\\/\\\/zdvo.org\\\/de\\\/#organization\",\"name\":\"zdvo\",\"url\":\"https:\\\/\\\/zdvo.org\\\/de\\\/\",\"logo\":{\"@type\":\"ImageObject\",\"inLanguage\":\"es\",\"@id\":\"https:\\\/\\\/zdvo.org\\\/de\\\/#\\\/schema\\\/logo\\\/image\\\/\",\"url\":\"https:\\\/\\\/zdvo.org\\\/wp-content\\\/uploads\\\/2026\\\/02\\\/KEREN_IDF_Veterans_ENGLISH_Beit_ha_lochem_Logo_CMYK_Blue.png\",\"contentUrl\":\"https:\\\/\\\/zdvo.org\\\/wp-content\\\/uploads\\\/2026\\\/02\\\/KEREN_IDF_Veterans_ENGLISH_Beit_ha_lochem_Logo_CMYK_Blue.png\",\"width\":1566,\"height\":382,\"caption\":\"zdvo\"},\"image\":{\"@id\":\"https:\\\/\\\/zdvo.org\\\/de\\\/#\\\/schema\\\/logo\\\/image\\\/\"},\"sameAs\":[\"https:\\\/\\\/www.facebook.com\\\/zdvo.halochem\\\/\"]}]}<\/script>\n<!-- \/ Yoast SEO plugin. -->","yoast_head_json":{"title":"DONACI\u00d3N EN L\u00cdNEA - zdvo.org","robots":{"index":"index","follow":"follow","max-snippet":"max-snippet:-1","max-image-preview":"max-image-preview:large","max-video-preview":"max-video-preview:-1"},"canonical":"https:\/\/zdvo.org\/es\/donacion-en-linea\/","og_locale":"es_ES","og_type":"article","og_title":"DONACI\u00d3N EN L\u00cdNEA - zdvo.org","og_description":"Apoye a nuestros soldados heridos. La Organizaci\u00f3n de los Soldados Heridos de Tzahal &#8211; Beit Halojem es la \u00fanica entidad dedicada a la rehabilitaci\u00f3n de los 51,000 soldados heridos de [&hellip;]","og_url":"https:\/\/zdvo.org\/es\/donacion-en-linea\/","og_site_name":"zdvo.org","article_publisher":"https:\/\/www.facebook.com\/zdvo.halochem\/","article_modified_time":"2018-12-18T16:36:12+00:00","twitter_card":"summary_large_image","schema":{"@context":"https:\/\/schema.org","@graph":[{"@type":"WebPage","@id":"https:\/\/zdvo.org\/es\/donacion-en-linea\/","url":"https:\/\/zdvo.org\/es\/donacion-en-linea\/","name":"DONACI\u00d3N EN L\u00cdNEA - zdvo.org","isPartOf":{"@id":"https:\/\/zdvo.org\/de\/#website"},"datePublished":"2018-07-23T09:47:46+00:00","dateModified":"2018-12-18T16:36:12+00:00","breadcrumb":{"@id":"https:\/\/zdvo.org\/es\/donacion-en-linea\/#breadcrumb"},"inLanguage":"es","potentialAction":[{"@type":"ReadAction","target":["https:\/\/zdvo.org\/es\/donacion-en-linea\/"]}]},{"@type":"BreadcrumbList","@id":"https:\/\/zdvo.org\/es\/donacion-en-linea\/#breadcrumb","itemListElement":[{"@type":"ListItem","position":1,"name":"Home","item":"https:\/\/zdvo.org\/es\/"},{"@type":"ListItem","position":2,"name":"DONACI\u00d3N EN L\u00cdNEA"}]},{"@type":"WebSite","@id":"https:\/\/zdvo.org\/de\/#website","url":"https:\/\/zdvo.org\/de\/","name":"zdvo.org","description":"The Zahal Disabled Veterans Organization (ZDVO) is a registered non-profit organization with the purpose of providing disabled veterans all their needs towards their rehabilitation.","publisher":{"@id":"https:\/\/zdvo.org\/de\/#organization"},"potentialAction":[{"@type":"SearchAction","target":{"@type":"EntryPoint","urlTemplate":"https:\/\/zdvo.org\/de\/?s={search_term_string}"},"query-input":{"@type":"PropertyValueSpecification","valueRequired":true,"valueName":"search_term_string"}}],"inLanguage":"es"},{"@type":"Organization","@id":"https:\/\/zdvo.org\/de\/#organization","name":"zdvo","url":"https:\/\/zdvo.org\/de\/","logo":{"@type":"ImageObject","inLanguage":"es","@id":"https:\/\/zdvo.org\/de\/#\/schema\/logo\/image\/","url":"https:\/\/zdvo.org\/wp-content\/uploads\/2026\/02\/KEREN_IDF_Veterans_ENGLISH_Beit_ha_lochem_Logo_CMYK_Blue.png","contentUrl":"https:\/\/zdvo.org\/wp-content\/uploads\/2026\/02\/KEREN_IDF_Veterans_ENGLISH_Beit_ha_lochem_Logo_CMYK_Blue.png","width":1566,"height":382,"caption":"zdvo"},"image":{"@id":"https:\/\/zdvo.org\/de\/#\/schema\/logo\/image\/"},"sameAs":["https:\/\/www.facebook.com\/zdvo.halochem\/"]}]}},"_links":{"self":[{"href":"https:\/\/zdvo.org\/es\/wp-json\/wp\/v2\/pages\/2551","targetHints":{"allow":["GET"]}}],"collection":[{"href":"https:\/\/zdvo.org\/es\/wp-json\/wp\/v2\/pages"}],"about":[{"href":"https:\/\/zdvo.org\/es\/wp-json\/wp\/v2\/types\/page"}],"author":[{"embeddable":true,"href":"https:\/\/zdvo.org\/es\/wp-json\/wp\/v2\/users\/13"}],"replies":[{"embeddable":true,"href":"https:\/\/zdvo.org\/es\/wp-json\/wp\/v2\/comments?post=2551"}],"version-history":[{"count":15,"href":"https:\/\/zdvo.org\/es\/wp-json\/wp\/v2\/pages\/2551\/revisions"}],"predecessor-version":[{"id":4924,"href":"https:\/\/zdvo.org\/es\/wp-json\/wp\/v2\/pages\/2551\/revisions\/4924"}],"wp:attachment":[{"href":"https:\/\/zdvo.org\/es\/wp-json\/wp\/v2\/media?parent=2551"}],"curies":[{"name":"wp","href":"https:\/\/api.w.org\/{rel}","templated":true}]}}