{"id":9503,"date":"2019-12-02T19:10:10","date_gmt":"2019-12-02T19:10:10","guid":{"rendered":"https:\/\/zdvo.org\/new-landing-page\/"},"modified":"2020-02-06T13:50:35","modified_gmt":"2020-02-06T13:50:35","slug":"new-landing-page","status":"publish","type":"page","link":"https:\/\/zdvo.org\/fr\/new-landing-page\/","title":{"rendered":"La conf\u00e9rence de S\u00e9curit\u00e9 et de Leadership 2020"},"content":{"rendered":"<h2><span style=\"color: #4e53a0;\">Galerie de photo<\/span><\/h2>\n<div id='gallery-1' class='gallery galleryid-9503 gallery-columns-5 gallery-size-thumbnail'><figure class='gallery-item'>\n\t\t\t<div class='gallery-icon landscape'>\n\t\t\t\t<a href='https:\/\/zdvo.org\/wp-content\/uploads\/2020\/01\/La-Sra.-Berta-Sutton-En-nombre-de-la-delegaci\u00f3n-felicita-al-Presidente-del-Estado.jpg' title=\"\" data-rl_title=\"\" class=\"rl-gallery-link\" data-rl_caption=\"\" data-rel=\"lightbox-gallery-1\"><img decoding=\"async\" width=\"150\" height=\"150\" src=\"https:\/\/zdvo.org\/wp-content\/uploads\/2020\/01\/La-Sra.-Berta-Sutton-En-nombre-de-la-delegaci\u00f3n-felicita-al-Presidente-del-Estado-150x150.jpg\" class=\"attachment-thumbnail size-thumbnail\" alt=\"La Sra. Berta Sutton En nombre de la delegaci\u00f3n, felicita al Presidente del Estado\" \/><\/a>\n\t\t\t<\/div><\/figure><figure class='gallery-item'>\n\t\t\t<div class='gallery-icon landscape'>\n\t\t\t\t<a href='https:\/\/zdvo.org\/wp-content\/uploads\/2020\/01\/Bogi-Yaalon-en-la-conferencia.jpg' title=\"\" data-rl_title=\"\" class=\"rl-gallery-link\" data-rl_caption=\"\" data-rel=\"lightbox-gallery-1\"><img decoding=\"async\" width=\"150\" height=\"150\" src=\"https:\/\/zdvo.org\/wp-content\/uploads\/2020\/01\/Bogi-Yaalon-en-la-conferencia-150x150.jpg\" class=\"attachment-thumbnail size-thumbnail\" alt=\"Bogi Yaalon en la conferencia\" \/><\/a>\n\t\t\t<\/div><\/figure><figure class='gallery-item'>\n\t\t\t<div class='gallery-icon landscape'>\n\t\t\t\t<a href='https:\/\/zdvo.org\/wp-content\/uploads\/2020\/01\/Entrenando-los-simuladores-del-F16.jpg' title=\"\" data-rl_title=\"\" class=\"rl-gallery-link\" data-rl_caption=\"\" data-rel=\"lightbox-gallery-1\"><img decoding=\"async\" width=\"150\" height=\"150\" src=\"https:\/\/zdvo.org\/wp-content\/uploads\/2020\/01\/Entrenando-los-simuladores-del-F16-150x150.jpg\" class=\"attachment-thumbnail size-thumbnail\" alt=\"Entrenando los simuladores del F16\" \/><\/a>\n\t\t\t<\/div><\/figure>\n\t\t<\/div>\n\n<p>&nbsp;<\/p>\n","protected":false},"excerpt":{"rendered":"<p>Galerie de photo &nbsp;<\/p>\n","protected":false},"author":13,"featured_media":0,"parent":0,"menu_order":0,"comment_status":"closed","ping_status":"closed","template":"page-kenes.php","meta":{"_acf_changed":false,"inline_featured_image":false,"footnotes":""},"class_list":["post-9503","page","type-page","status-publish","hentry"],"acf":[],"yoast_head":"<!-- This site is optimized with the Yoast SEO plugin v27.4 - https:\/\/yoast.com\/product\/yoast-seo-wordpress\/ -->\n<title>La conf\u00e9rence de S\u00e9curit\u00e9 et de Leadership 2020 - zdvo.org<\/title>\n<meta name=\"robots\" content=\"index, follow, max-snippet:-1, max-image-preview:large, max-video-preview:-1\" \/>\n<link rel=\"canonical\" href=\"https:\/\/zdvo.org\/fr\/new-landing-page\/\" \/>\n<meta property=\"og:locale\" content=\"fr_FR\" \/>\n<meta property=\"og:type\" content=\"article\" \/>\n<meta property=\"og:title\" content=\"La conf\u00e9rence de S\u00e9curit\u00e9 et de Leadership 2020 - zdvo.org\" \/>\n<meta property=\"og:description\" content=\"Galerie de photo &nbsp;\" \/>\n<meta property=\"og:url\" content=\"https:\/\/zdvo.org\/fr\/new-landing-page\/\" \/>\n<meta property=\"og:site_name\" content=\"zdvo.org\" \/>\n<meta property=\"article:publisher\" content=\"https:\/\/www.facebook.com\/zdvo.halochem\/\" \/>\n<meta property=\"article:modified_time\" content=\"2020-02-06T13:50:35+00:00\" \/>\n<meta property=\"og:image\" content=\"https:\/\/zdvo.org\/wp-content\/uploads\/2020\/01\/La-Sra.-Berta-Sutton-En-nombre-de-la-delegaci\u00f3n-felicita-al-Presidente-del-Estado-150x150.jpg\" \/>\n<meta name=\"twitter:card\" content=\"summary_large_image\" \/>\n<script type=\"application\/ld+json\" class=\"yoast-schema-graph\">{\"@context\":\"https:\\\/\\\/schema.org\",\"@graph\":[{\"@type\":\"WebPage\",\"@id\":\"https:\\\/\\\/zdvo.org\\\/fr\\\/new-landing-page\\\/\",\"url\":\"https:\\\/\\\/zdvo.org\\\/fr\\\/new-landing-page\\\/\",\"name\":\"La conf\u00e9rence de S\u00e9curit\u00e9 et de Leadership 2020 - zdvo.org\",\"isPartOf\":{\"@id\":\"https:\\\/\\\/zdvo.org\\\/de\\\/#website\"},\"datePublished\":\"2019-12-02T19:10:10+00:00\",\"dateModified\":\"2020-02-06T13:50:35+00:00\",\"breadcrumb\":{\"@id\":\"https:\\\/\\\/zdvo.org\\\/fr\\\/new-landing-page\\\/#breadcrumb\"},\"inLanguage\":\"fr-FR\",\"potentialAction\":[{\"@type\":\"ReadAction\",\"target\":[\"https:\\\/\\\/zdvo.org\\\/fr\\\/new-landing-page\\\/\"]}]},{\"@type\":\"BreadcrumbList\",\"@id\":\"https:\\\/\\\/zdvo.org\\\/fr\\\/new-landing-page\\\/#breadcrumb\",\"itemListElement\":[{\"@type\":\"ListItem\",\"position\":1,\"name\":\"Home\",\"item\":\"https:\\\/\\\/zdvo.org\\\/fr\\\/\"},{\"@type\":\"ListItem\",\"position\":2,\"name\":\"La conf\u00e9rence de S\u00e9curit\u00e9 et de Leadership 2020\"}]},{\"@type\":\"WebSite\",\"@id\":\"https:\\\/\\\/zdvo.org\\\/de\\\/#website\",\"url\":\"https:\\\/\\\/zdvo.org\\\/de\\\/\",\"name\":\"zdvo.org\",\"description\":\"The Zahal Disabled Veterans Organization (ZDVO) is a registered non-profit organization with the purpose of providing disabled veterans all their needs towards their rehabilitation.\",\"publisher\":{\"@id\":\"https:\\\/\\\/zdvo.org\\\/de\\\/#organization\"},\"potentialAction\":[{\"@type\":\"SearchAction\",\"target\":{\"@type\":\"EntryPoint\",\"urlTemplate\":\"https:\\\/\\\/zdvo.org\\\/de\\\/?s={search_term_string}\"},\"query-input\":{\"@type\":\"PropertyValueSpecification\",\"valueRequired\":true,\"valueName\":\"search_term_string\"}}],\"inLanguage\":\"fr-FR\"},{\"@type\":\"Organization\",\"@id\":\"https:\\\/\\\/zdvo.org\\\/de\\\/#organization\",\"name\":\"zdvo\",\"url\":\"https:\\\/\\\/zdvo.org\\\/de\\\/\",\"logo\":{\"@type\":\"ImageObject\",\"inLanguage\":\"fr-FR\",\"@id\":\"https:\\\/\\\/zdvo.org\\\/de\\\/#\\\/schema\\\/logo\\\/image\\\/\",\"url\":\"https:\\\/\\\/zdvo.org\\\/wp-content\\\/uploads\\\/2026\\\/02\\\/KEREN_IDF_Veterans_ENGLISH_Beit_ha_lochem_Logo_CMYK_Blue.png\",\"contentUrl\":\"https:\\\/\\\/zdvo.org\\\/wp-content\\\/uploads\\\/2026\\\/02\\\/KEREN_IDF_Veterans_ENGLISH_Beit_ha_lochem_Logo_CMYK_Blue.png\",\"width\":1566,\"height\":382,\"caption\":\"zdvo\"},\"image\":{\"@id\":\"https:\\\/\\\/zdvo.org\\\/de\\\/#\\\/schema\\\/logo\\\/image\\\/\"},\"sameAs\":[\"https:\\\/\\\/www.facebook.com\\\/zdvo.halochem\\\/\"]}]}<\/script>\n<!-- \/ Yoast SEO plugin. -->","yoast_head_json":{"title":"La conf\u00e9rence de S\u00e9curit\u00e9 et de Leadership 2020 - zdvo.org","robots":{"index":"index","follow":"follow","max-snippet":"max-snippet:-1","max-image-preview":"max-image-preview:large","max-video-preview":"max-video-preview:-1"},"canonical":"https:\/\/zdvo.org\/fr\/new-landing-page\/","og_locale":"fr_FR","og_type":"article","og_title":"La conf\u00e9rence de S\u00e9curit\u00e9 et de Leadership 2020 - zdvo.org","og_description":"Galerie de photo &nbsp;","og_url":"https:\/\/zdvo.org\/fr\/new-landing-page\/","og_site_name":"zdvo.org","article_publisher":"https:\/\/www.facebook.com\/zdvo.halochem\/","article_modified_time":"2020-02-06T13:50:35+00:00","og_image":[{"url":"https:\/\/zdvo.org\/wp-content\/uploads\/2020\/01\/La-Sra.-Berta-Sutton-En-nombre-de-la-delegaci\u00f3n-felicita-al-Presidente-del-Estado-150x150.jpg","type":"","width":"","height":""}],"twitter_card":"summary_large_image","schema":{"@context":"https:\/\/schema.org","@graph":[{"@type":"WebPage","@id":"https:\/\/zdvo.org\/fr\/new-landing-page\/","url":"https:\/\/zdvo.org\/fr\/new-landing-page\/","name":"La conf\u00e9rence de S\u00e9curit\u00e9 et de Leadership 2020 - zdvo.org","isPartOf":{"@id":"https:\/\/zdvo.org\/de\/#website"},"datePublished":"2019-12-02T19:10:10+00:00","dateModified":"2020-02-06T13:50:35+00:00","breadcrumb":{"@id":"https:\/\/zdvo.org\/fr\/new-landing-page\/#breadcrumb"},"inLanguage":"fr-FR","potentialAction":[{"@type":"ReadAction","target":["https:\/\/zdvo.org\/fr\/new-landing-page\/"]}]},{"@type":"BreadcrumbList","@id":"https:\/\/zdvo.org\/fr\/new-landing-page\/#breadcrumb","itemListElement":[{"@type":"ListItem","position":1,"name":"Home","item":"https:\/\/zdvo.org\/fr\/"},{"@type":"ListItem","position":2,"name":"La conf\u00e9rence de S\u00e9curit\u00e9 et de Leadership 2020"}]},{"@type":"WebSite","@id":"https:\/\/zdvo.org\/de\/#website","url":"https:\/\/zdvo.org\/de\/","name":"zdvo.org","description":"The Zahal Disabled Veterans Organization (ZDVO) is a registered non-profit organization with the purpose of providing disabled veterans all their needs towards their rehabilitation.","publisher":{"@id":"https:\/\/zdvo.org\/de\/#organization"},"potentialAction":[{"@type":"SearchAction","target":{"@type":"EntryPoint","urlTemplate":"https:\/\/zdvo.org\/de\/?s={search_term_string}"},"query-input":{"@type":"PropertyValueSpecification","valueRequired":true,"valueName":"search_term_string"}}],"inLanguage":"fr-FR"},{"@type":"Organization","@id":"https:\/\/zdvo.org\/de\/#organization","name":"zdvo","url":"https:\/\/zdvo.org\/de\/","logo":{"@type":"ImageObject","inLanguage":"fr-FR","@id":"https:\/\/zdvo.org\/de\/#\/schema\/logo\/image\/","url":"https:\/\/zdvo.org\/wp-content\/uploads\/2026\/02\/KEREN_IDF_Veterans_ENGLISH_Beit_ha_lochem_Logo_CMYK_Blue.png","contentUrl":"https:\/\/zdvo.org\/wp-content\/uploads\/2026\/02\/KEREN_IDF_Veterans_ENGLISH_Beit_ha_lochem_Logo_CMYK_Blue.png","width":1566,"height":382,"caption":"zdvo"},"image":{"@id":"https:\/\/zdvo.org\/de\/#\/schema\/logo\/image\/"},"sameAs":["https:\/\/www.facebook.com\/zdvo.halochem\/"]}]}},"_links":{"self":[{"href":"https:\/\/zdvo.org\/fr\/wp-json\/wp\/v2\/pages\/9503","targetHints":{"allow":["GET"]}}],"collection":[{"href":"https:\/\/zdvo.org\/fr\/wp-json\/wp\/v2\/pages"}],"about":[{"href":"https:\/\/zdvo.org\/fr\/wp-json\/wp\/v2\/types\/page"}],"author":[{"embeddable":true,"href":"https:\/\/zdvo.org\/fr\/wp-json\/wp\/v2\/users\/13"}],"replies":[{"embeddable":true,"href":"https:\/\/zdvo.org\/fr\/wp-json\/wp\/v2\/comments?post=9503"}],"version-history":[{"count":16,"href":"https:\/\/zdvo.org\/fr\/wp-json\/wp\/v2\/pages\/9503\/revisions"}],"predecessor-version":[{"id":10036,"href":"https:\/\/zdvo.org\/fr\/wp-json\/wp\/v2\/pages\/9503\/revisions\/10036"}],"wp:attachment":[{"href":"https:\/\/zdvo.org\/fr\/wp-json\/wp\/v2\/media?parent=9503"}],"curies":[{"name":"wp","href":"https:\/\/api.w.org\/{rel}","templated":true}]}}