{"id":9382,"date":"2018-04-22T10:46:43","date_gmt":"2018-04-22T10:46:43","guid":{"rendered":"https:\/\/zdvo.org\/on-line-donation\/"},"modified":"2019-12-08T11:17:16","modified_gmt":"2019-12-08T11:17:16","slug":"on-line-donation","status":"publish","type":"page","link":"https:\/\/zdvo.org\/pt-br\/on-line-donation\/","title":{"rendered":"DOA\u00c7\u00c3O ONLINE"},"content":{"rendered":"<h4>Apoie nossos her\u00f3is feridos<\/h4>\n<p>A ZDVO Beit Halochem \u00e9 a \u00fanica organiza\u00e7\u00e3o legalmente respons\u00e1vel pelo bem-estar dos 51 mil soldados de Israel severamente feridos.<\/p>\n<p><strong>Doe via cart\u00e3o de cr\u00e9dito:<\/strong><\/p>\n","protected":false},"excerpt":{"rendered":"<p>Apoie nossos her\u00f3is feridos A ZDVO Beit Halochem \u00e9 a \u00fanica organiza\u00e7\u00e3o legalmente respons\u00e1vel pelo bem-estar dos 51 mil soldados de Israel severamente feridos. Doe via cart\u00e3o de cr\u00e9dito:<\/p>\n","protected":false},"author":13,"featured_media":0,"parent":0,"menu_order":0,"comment_status":"closed","ping_status":"closed","template":"page-donate.php","meta":{"_acf_changed":false,"inline_featured_image":false,"footnotes":""},"class_list":["post-9382","page","type-page","status-publish","hentry"],"acf":[],"yoast_head":"<!-- This site is optimized with the Yoast SEO plugin v27.4 - https:\/\/yoast.com\/product\/yoast-seo-wordpress\/ -->\n<title>DOA\u00c7\u00c3O ONLINE - zdvo.org<\/title>\n<meta name=\"robots\" content=\"index, follow, max-snippet:-1, max-image-preview:large, max-video-preview:-1\" \/>\n<link rel=\"canonical\" href=\"https:\/\/zdvo.org\/pt-br\/on-line-donation\/\" \/>\n<meta property=\"og:locale\" content=\"pt_BR\" \/>\n<meta property=\"og:type\" content=\"article\" \/>\n<meta property=\"og:title\" content=\"DOA\u00c7\u00c3O ONLINE - zdvo.org\" \/>\n<meta property=\"og:description\" content=\"Apoie nossos her\u00f3is feridos A ZDVO Beit Halochem \u00e9 a \u00fanica organiza\u00e7\u00e3o legalmente respons\u00e1vel pelo bem-estar dos 51 mil soldados de Israel severamente feridos. Doe via cart\u00e3o de cr\u00e9dito:\" \/>\n<meta property=\"og:url\" content=\"https:\/\/zdvo.org\/pt-br\/on-line-donation\/\" \/>\n<meta property=\"og:site_name\" content=\"zdvo.org\" \/>\n<meta property=\"article:publisher\" content=\"https:\/\/www.facebook.com\/zdvo.halochem\/\" \/>\n<meta property=\"article:modified_time\" content=\"2019-12-08T11:17:16+00:00\" \/>\n<meta name=\"twitter:card\" content=\"summary_large_image\" \/>\n<script type=\"application\/ld+json\" class=\"yoast-schema-graph\">{\"@context\":\"https:\\\/\\\/schema.org\",\"@graph\":[{\"@type\":\"WebPage\",\"@id\":\"https:\\\/\\\/zdvo.org\\\/pt-br\\\/on-line-donation\\\/\",\"url\":\"https:\\\/\\\/zdvo.org\\\/pt-br\\\/on-line-donation\\\/\",\"name\":\"DOA\u00c7\u00c3O ONLINE - zdvo.org\",\"isPartOf\":{\"@id\":\"https:\\\/\\\/zdvo.org\\\/de\\\/#website\"},\"datePublished\":\"2018-04-22T10:46:43+00:00\",\"dateModified\":\"2019-12-08T11:17:16+00:00\",\"breadcrumb\":{\"@id\":\"https:\\\/\\\/zdvo.org\\\/pt-br\\\/on-line-donation\\\/#breadcrumb\"},\"inLanguage\":\"pt-BR\",\"potentialAction\":[{\"@type\":\"ReadAction\",\"target\":[\"https:\\\/\\\/zdvo.org\\\/pt-br\\\/on-line-donation\\\/\"]}]},{\"@type\":\"BreadcrumbList\",\"@id\":\"https:\\\/\\\/zdvo.org\\\/pt-br\\\/on-line-donation\\\/#breadcrumb\",\"itemListElement\":[{\"@type\":\"ListItem\",\"position\":1,\"name\":\"Home\",\"item\":\"https:\\\/\\\/zdvo.org\\\/pt-br\\\/\"},{\"@type\":\"ListItem\",\"position\":2,\"name\":\"DOA\u00c7\u00c3O ONLINE\"}]},{\"@type\":\"WebSite\",\"@id\":\"https:\\\/\\\/zdvo.org\\\/de\\\/#website\",\"url\":\"https:\\\/\\\/zdvo.org\\\/de\\\/\",\"name\":\"zdvo.org\",\"description\":\"The Zahal Disabled Veterans Organization (ZDVO) is a registered non-profit organization with the purpose of providing disabled veterans all their needs towards their rehabilitation.\",\"publisher\":{\"@id\":\"https:\\\/\\\/zdvo.org\\\/de\\\/#organization\"},\"potentialAction\":[{\"@type\":\"SearchAction\",\"target\":{\"@type\":\"EntryPoint\",\"urlTemplate\":\"https:\\\/\\\/zdvo.org\\\/de\\\/?s={search_term_string}\"},\"query-input\":{\"@type\":\"PropertyValueSpecification\",\"valueRequired\":true,\"valueName\":\"search_term_string\"}}],\"inLanguage\":\"pt-BR\"},{\"@type\":\"Organization\",\"@id\":\"https:\\\/\\\/zdvo.org\\\/de\\\/#organization\",\"name\":\"zdvo\",\"url\":\"https:\\\/\\\/zdvo.org\\\/de\\\/\",\"logo\":{\"@type\":\"ImageObject\",\"inLanguage\":\"pt-BR\",\"@id\":\"https:\\\/\\\/zdvo.org\\\/de\\\/#\\\/schema\\\/logo\\\/image\\\/\",\"url\":\"https:\\\/\\\/zdvo.org\\\/wp-content\\\/uploads\\\/2026\\\/02\\\/KEREN_IDF_Veterans_ENGLISH_Beit_ha_lochem_Logo_CMYK_Blue.png\",\"contentUrl\":\"https:\\\/\\\/zdvo.org\\\/wp-content\\\/uploads\\\/2026\\\/02\\\/KEREN_IDF_Veterans_ENGLISH_Beit_ha_lochem_Logo_CMYK_Blue.png\",\"width\":1566,\"height\":382,\"caption\":\"zdvo\"},\"image\":{\"@id\":\"https:\\\/\\\/zdvo.org\\\/de\\\/#\\\/schema\\\/logo\\\/image\\\/\"},\"sameAs\":[\"https:\\\/\\\/www.facebook.com\\\/zdvo.halochem\\\/\"]}]}<\/script>\n<!-- \/ Yoast SEO plugin. -->","yoast_head_json":{"title":"DOA\u00c7\u00c3O ONLINE - zdvo.org","robots":{"index":"index","follow":"follow","max-snippet":"max-snippet:-1","max-image-preview":"max-image-preview:large","max-video-preview":"max-video-preview:-1"},"canonical":"https:\/\/zdvo.org\/pt-br\/on-line-donation\/","og_locale":"pt_BR","og_type":"article","og_title":"DOA\u00c7\u00c3O ONLINE - zdvo.org","og_description":"Apoie nossos her\u00f3is feridos A ZDVO Beit Halochem \u00e9 a \u00fanica organiza\u00e7\u00e3o legalmente respons\u00e1vel pelo bem-estar dos 51 mil soldados de Israel severamente feridos. Doe via cart\u00e3o de cr\u00e9dito:","og_url":"https:\/\/zdvo.org\/pt-br\/on-line-donation\/","og_site_name":"zdvo.org","article_publisher":"https:\/\/www.facebook.com\/zdvo.halochem\/","article_modified_time":"2019-12-08T11:17:16+00:00","twitter_card":"summary_large_image","schema":{"@context":"https:\/\/schema.org","@graph":[{"@type":"WebPage","@id":"https:\/\/zdvo.org\/pt-br\/on-line-donation\/","url":"https:\/\/zdvo.org\/pt-br\/on-line-donation\/","name":"DOA\u00c7\u00c3O ONLINE - zdvo.org","isPartOf":{"@id":"https:\/\/zdvo.org\/de\/#website"},"datePublished":"2018-04-22T10:46:43+00:00","dateModified":"2019-12-08T11:17:16+00:00","breadcrumb":{"@id":"https:\/\/zdvo.org\/pt-br\/on-line-donation\/#breadcrumb"},"inLanguage":"pt-BR","potentialAction":[{"@type":"ReadAction","target":["https:\/\/zdvo.org\/pt-br\/on-line-donation\/"]}]},{"@type":"BreadcrumbList","@id":"https:\/\/zdvo.org\/pt-br\/on-line-donation\/#breadcrumb","itemListElement":[{"@type":"ListItem","position":1,"name":"Home","item":"https:\/\/zdvo.org\/pt-br\/"},{"@type":"ListItem","position":2,"name":"DOA\u00c7\u00c3O ONLINE"}]},{"@type":"WebSite","@id":"https:\/\/zdvo.org\/de\/#website","url":"https:\/\/zdvo.org\/de\/","name":"zdvo.org","description":"The Zahal Disabled Veterans Organization (ZDVO) is a registered non-profit organization with the purpose of providing disabled veterans all their needs towards their rehabilitation.","publisher":{"@id":"https:\/\/zdvo.org\/de\/#organization"},"potentialAction":[{"@type":"SearchAction","target":{"@type":"EntryPoint","urlTemplate":"https:\/\/zdvo.org\/de\/?s={search_term_string}"},"query-input":{"@type":"PropertyValueSpecification","valueRequired":true,"valueName":"search_term_string"}}],"inLanguage":"pt-BR"},{"@type":"Organization","@id":"https:\/\/zdvo.org\/de\/#organization","name":"zdvo","url":"https:\/\/zdvo.org\/de\/","logo":{"@type":"ImageObject","inLanguage":"pt-BR","@id":"https:\/\/zdvo.org\/de\/#\/schema\/logo\/image\/","url":"https:\/\/zdvo.org\/wp-content\/uploads\/2026\/02\/KEREN_IDF_Veterans_ENGLISH_Beit_ha_lochem_Logo_CMYK_Blue.png","contentUrl":"https:\/\/zdvo.org\/wp-content\/uploads\/2026\/02\/KEREN_IDF_Veterans_ENGLISH_Beit_ha_lochem_Logo_CMYK_Blue.png","width":1566,"height":382,"caption":"zdvo"},"image":{"@id":"https:\/\/zdvo.org\/de\/#\/schema\/logo\/image\/"},"sameAs":["https:\/\/www.facebook.com\/zdvo.halochem\/"]}]}},"_links":{"self":[{"href":"https:\/\/zdvo.org\/pt-br\/wp-json\/wp\/v2\/pages\/9382","targetHints":{"allow":["GET"]}}],"collection":[{"href":"https:\/\/zdvo.org\/pt-br\/wp-json\/wp\/v2\/pages"}],"about":[{"href":"https:\/\/zdvo.org\/pt-br\/wp-json\/wp\/v2\/types\/page"}],"author":[{"embeddable":true,"href":"https:\/\/zdvo.org\/pt-br\/wp-json\/wp\/v2\/users\/13"}],"replies":[{"embeddable":true,"href":"https:\/\/zdvo.org\/pt-br\/wp-json\/wp\/v2\/comments?post=9382"}],"version-history":[{"count":6,"href":"https:\/\/zdvo.org\/pt-br\/wp-json\/wp\/v2\/pages\/9382\/revisions"}],"predecessor-version":[{"id":9586,"href":"https:\/\/zdvo.org\/pt-br\/wp-json\/wp\/v2\/pages\/9382\/revisions\/9586"}],"wp:attachment":[{"href":"https:\/\/zdvo.org\/pt-br\/wp-json\/wp\/v2\/media?parent=9382"}],"curies":[{"name":"wp","href":"https:\/\/api.w.org\/{rel}","templated":true}]}}